{"id":5059,"date":"2021-02-03T15:35:41","date_gmt":"2021-02-03T14:35:41","guid":{"rendered":"https:\/\/osko-plast.pl\/produkt\/%d0%bf%d0%be%d0%b4%d0%b1%d0%b0%d1%80%d0%b0%d0%b1%d0%b0%d0%bd%d1%8c%d0%b5-%d0%ba%d1%80%d1%8b%d1%88%d0%ba%d0%b0-1535-x-270\/"},"modified":"2021-02-03T15:35:41","modified_gmt":"2021-02-03T14:35:41","slug":"%d0%bf%d0%be%d0%b4%d0%b1%d0%b0%d1%80%d0%b0%d0%b1%d0%b0%d0%bd%d1%8c%d0%b5-%d0%ba%d1%80%d1%8b%d1%88%d0%ba%d0%b0-1535-x-270","status":"publish","type":"product","link":"https:\/\/osko-plast.pl\/ru\/produkt\/%d0%bf%d0%be%d0%b4%d0%b1%d0%b0%d1%80%d0%b0%d0%b1%d0%b0%d0%bd%d1%8c%d0%b5-%d0%ba%d1%80%d1%8b%d1%88%d0%ba%d0%b0-1535-x-270\/","title":{"rendered":"\u043f\u043e\u0434\u0431\u0430\u0440\u0430\u0431\u0430\u043d\u044c\u0435 \u043a\u0440\u044b\u0448\u043a\u0430 1535 x 270"},"content":{"rendered":"<p>\u0412\u043f\u0438\u0441\u044b\u0432\u0430\u0435\u0442\u0441\u044f \u0432:<\/p>\n<p>CLAAS:<\/p>\n<ul>\n<li>Dominator 108<\/li>\n<li>Medion 340<\/li>\n<\/ul>\n","protected":false},"excerpt":{"rendered":"<p><span class=\"VIiyi\" lang=\"ru\"><span class=\"JLqJ4b ChMk0b\" data-language-for-alternatives=\"ru\" data-language-to-translate-into=\"pl\" data-phrase-index=\"0\">\u043f\u043e\u0434\u0431\u0430\u0440\u0430\u0431\u0430\u043d\u044c\u0435 \u0413\u0440\u0435\u0431\u0435\u043d\u044c (\u043a\u0440\u044b\u0448\u043a\u0430 \u0443\u0441\u0442\u0430\u043d\u0430\u0432\u043b\u0438\u0432\u0430\u0435\u0442\u0441\u044f \u0437\u0430 \u043f\u043e\u0434\u0431\u0430\u0440\u0430\u0431\u0430\u043d\u044c\u0435)<\/span><\/span><\/p>\n<p>&nbsp;<\/p>\n<p><a href=\"https:\/\/osko-plast.pl\/wp-content\/uploads\/2021\/02\/D108_grzebien_klepiska.pdf\">\u043f\u043e\u0434\u0431\u0430\u0440\u0430\u0431\u0430\u043d\u044c\u0435 \u043a\u0440\u044b\u0448\u043a\u0430 CLAAS Dominator 108<\/a><\/p>\n","protected":false},"featured_media":3413,"template":"","meta":{"_acf_changed":false},"product_brand":[],"product_cat":[1168],"product_tag":[],"marka":[198],"model":[1352,1353],"lamela":[],"rodzaj_klepiska":[],"typ_podsiewacza":[],"typ_kosza":[],"rodzaj_sita":[],"class_list":{"0":"post-5059","1":"product","2":"type-product","3":"status-publish","4":"has-post-thumbnail","6":"product_cat-1168","7":"marka-claas-ru","8":"model-dominator-108-ru","9":"model-medion-340-ru","11":"first","12":"instock","13":"shipping-taxable","14":"product-type-simple"},"acf":[],"yoast_head":"<!-- This site is optimized with the Yoast SEO plugin v25.5 - https:\/\/yoast.com\/wordpress\/plugins\/seo\/ -->\n<title>\u043f\u043e\u0434\u0431\u0430\u0440\u0430\u0431\u0430\u043d\u044c\u0435 \u043a\u0440\u044b\u0448\u043a\u0430 1535 x 270 - OSKO-PLAST<\/title>\n<meta name=\"robots\" content=\"index, follow, max-snippet:-1, max-image-preview:large, max-video-preview:-1\" \/>\n<link rel=\"canonical\" href=\"https:\/\/osko-plast.pl\/ru\/produkt\/\u043f\u043e\u0434\u0431\u0430\u0440\u0430\u0431\u0430\u043d\u044c\u0435-\u043a\u0440\u044b\u0448\u043a\u0430-1535-x-270\/\" \/>\n<meta property=\"og:locale\" content=\"ru_RU\" \/>\n<meta property=\"og:type\" content=\"article\" \/>\n<meta property=\"og:title\" content=\"\u043f\u043e\u0434\u0431\u0430\u0440\u0430\u0431\u0430\u043d\u044c\u0435 \u043a\u0440\u044b\u0448\u043a\u0430 1535 x 270 - OSKO-PLAST\" \/>\n<meta property=\"og:description\" content=\"\u043f\u043e\u0434\u0431\u0430\u0440\u0430\u0431\u0430\u043d\u044c\u0435 \u0413\u0440\u0435\u0431\u0435\u043d\u044c (\u043a\u0440\u044b\u0448\u043a\u0430 \u0443\u0441\u0442\u0430\u043d\u0430\u0432\u043b\u0438\u0432\u0430\u0435\u0442\u0441\u044f \u0437\u0430 \u043f\u043e\u0434\u0431\u0430\u0440\u0430\u0431\u0430\u043d\u044c\u0435)  &nbsp;  \u043f\u043e\u0434\u0431\u0430\u0440\u0430\u0431\u0430\u043d\u044c\u0435 \u043a\u0440\u044b\u0448\u043a\u0430 CLAAS Dominator 108\" \/>\n<meta property=\"og:url\" content=\"https:\/\/osko-plast.pl\/ru\/produkt\/\u043f\u043e\u0434\u0431\u0430\u0440\u0430\u0431\u0430\u043d\u044c\u0435-\u043a\u0440\u044b\u0448\u043a\u0430-1535-x-270\/\" \/>\n<meta property=\"og:site_name\" content=\"OSKO-PLAST\" \/>\n<meta property=\"og:image\" content=\"https:\/\/osko-plast.pl\/wp-content\/uploads\/2021\/02\/grzebie\u0144-klepisska.jpg\" \/>\n\t<meta property=\"og:image:width\" content=\"1680\" \/>\n\t<meta property=\"og:image:height\" content=\"889\" \/>\n\t<meta property=\"og:image:type\" content=\"image\/jpeg\" \/>\n<meta name=\"twitter:card\" content=\"summary_large_image\" \/>\n<script type=\"application\/ld+json\" class=\"yoast-schema-graph\">{\"@context\":\"https:\/\/schema.org\",\"@graph\":[{\"@type\":\"WebPage\",\"@id\":\"https:\/\/osko-plast.pl\/ru\/produkt\/%d0%bf%d0%be%d0%b4%d0%b1%d0%b0%d1%80%d0%b0%d0%b1%d0%b0%d0%bd%d1%8c%d0%b5-%d0%ba%d1%80%d1%8b%d1%88%d0%ba%d0%b0-1535-x-270\/\",\"url\":\"https:\/\/osko-plast.pl\/ru\/produkt\/%d0%bf%d0%be%d0%b4%d0%b1%d0%b0%d1%80%d0%b0%d0%b1%d0%b0%d0%bd%d1%8c%d0%b5-%d0%ba%d1%80%d1%8b%d1%88%d0%ba%d0%b0-1535-x-270\/\",\"name\":\"\u043f\u043e\u0434\u0431\u0430\u0440\u0430\u0431\u0430\u043d\u044c\u0435 \u043a\u0440\u044b\u0448\u043a\u0430 1535 x 270 - OSKO-PLAST\",\"isPartOf\":{\"@id\":\"https:\/\/osko-plast.pl\/ru\/#website\"},\"primaryImageOfPage\":{\"@id\":\"https:\/\/osko-plast.pl\/ru\/produkt\/%d0%bf%d0%be%d0%b4%d0%b1%d0%b0%d1%80%d0%b0%d0%b1%d0%b0%d0%bd%d1%8c%d0%b5-%d0%ba%d1%80%d1%8b%d1%88%d0%ba%d0%b0-1535-x-270\/#primaryimage\"},\"image\":{\"@id\":\"https:\/\/osko-plast.pl\/ru\/produkt\/%d0%bf%d0%be%d0%b4%d0%b1%d0%b0%d1%80%d0%b0%d0%b1%d0%b0%d0%bd%d1%8c%d0%b5-%d0%ba%d1%80%d1%8b%d1%88%d0%ba%d0%b0-1535-x-270\/#primaryimage\"},\"thumbnailUrl\":\"https:\/\/osko-plast.pl\/wp-content\/uploads\/2021\/02\/grzebie\u0144-klepisska.jpg\",\"datePublished\":\"2021-02-03T14:35:41+00:00\",\"breadcrumb\":{\"@id\":\"https:\/\/osko-plast.pl\/ru\/produkt\/%d0%bf%d0%be%d0%b4%d0%b1%d0%b0%d1%80%d0%b0%d0%b1%d0%b0%d0%bd%d1%8c%d0%b5-%d0%ba%d1%80%d1%8b%d1%88%d0%ba%d0%b0-1535-x-270\/#breadcrumb\"},\"inLanguage\":\"ru-RU\",\"potentialAction\":[{\"@type\":\"ReadAction\",\"target\":[\"https:\/\/osko-plast.pl\/ru\/produkt\/%d0%bf%d0%be%d0%b4%d0%b1%d0%b0%d1%80%d0%b0%d0%b1%d0%b0%d0%bd%d1%8c%d0%b5-%d0%ba%d1%80%d1%8b%d1%88%d0%ba%d0%b0-1535-x-270\/\"]}]},{\"@type\":\"ImageObject\",\"inLanguage\":\"ru-RU\",\"@id\":\"https:\/\/osko-plast.pl\/ru\/produkt\/%d0%bf%d0%be%d0%b4%d0%b1%d0%b0%d1%80%d0%b0%d0%b1%d0%b0%d0%bd%d1%8c%d0%b5-%d0%ba%d1%80%d1%8b%d1%88%d0%ba%d0%b0-1535-x-270\/#primaryimage\",\"url\":\"https:\/\/osko-plast.pl\/wp-content\/uploads\/2021\/02\/grzebie\u0144-klepisska.jpg\",\"contentUrl\":\"https:\/\/osko-plast.pl\/wp-content\/uploads\/2021\/02\/grzebie\u0144-klepisska.jpg\",\"width\":1680,\"height\":889},{\"@type\":\"BreadcrumbList\",\"@id\":\"https:\/\/osko-plast.pl\/ru\/produkt\/%d0%bf%d0%be%d0%b4%d0%b1%d0%b0%d1%80%d0%b0%d0%b1%d0%b0%d0%bd%d1%8c%d0%b5-%d0%ba%d1%80%d1%8b%d1%88%d0%ba%d0%b0-1535-x-270\/#breadcrumb\",\"itemListElement\":[{\"@type\":\"ListItem\",\"position\":1,\"name\":\"Strona g\u0142\u00f3wna\",\"item\":\"https:\/\/osko-plast.pl\/ru\/\"},{\"@type\":\"ListItem\",\"position\":2,\"name\":\"\u043c\u0430\u0433\u0430\u0437\u0438\u043d\",\"item\":\"https:\/\/osko-plast.pl\/ru\/%d0%bc%d0%b0%d0%b3%d0%b0%d0%b7%d0%b8%d0%bd\/\"},{\"@type\":\"ListItem\",\"position\":3,\"name\":\"\u043f\u043e\u0434\u0431\u0430\u0440\u0430\u0431\u0430\u043d\u044c\u0435 \u043a\u0440\u044b\u0448\u043a\u0430 1535 x 270\"}]},{\"@type\":\"WebSite\",\"@id\":\"https:\/\/osko-plast.pl\/ru\/#website\",\"url\":\"https:\/\/osko-plast.pl\/ru\/\",\"name\":\"OSKO-PLAST\",\"description\":\"Profesjonalna obr\u00f3bka metali oraz produkcja cz\u0119\u015bci rolniczych\",\"publisher\":{\"@id\":\"https:\/\/osko-plast.pl\/ru\/#organization\"},\"potentialAction\":[{\"@type\":\"SearchAction\",\"target\":{\"@type\":\"EntryPoint\",\"urlTemplate\":\"https:\/\/osko-plast.pl\/ru\/?s={search_term_string}\"},\"query-input\":{\"@type\":\"PropertyValueSpecification\",\"valueRequired\":true,\"valueName\":\"search_term_string\"}}],\"inLanguage\":\"ru-RU\"},{\"@type\":\"Organization\",\"@id\":\"https:\/\/osko-plast.pl\/ru\/#organization\",\"name\":\"OSKO-PLAST\",\"url\":\"https:\/\/osko-plast.pl\/ru\/\",\"logo\":{\"@type\":\"ImageObject\",\"inLanguage\":\"ru-RU\",\"@id\":\"https:\/\/osko-plast.pl\/ru\/#\/schema\/logo\/image\/\",\"url\":\"https:\/\/osko-plast.pl\/wp-content\/uploads\/2020\/12\/Logo-Oskoplast-1.png\",\"contentUrl\":\"https:\/\/osko-plast.pl\/wp-content\/uploads\/2020\/12\/Logo-Oskoplast-1.png\",\"width\":232,\"height\":45,\"caption\":\"OSKO-PLAST\"},\"image\":{\"@id\":\"https:\/\/osko-plast.pl\/ru\/#\/schema\/logo\/image\/\"}}]}<\/script>\n<!-- \/ Yoast SEO plugin. -->","yoast_head_json":{"title":"\u043f\u043e\u0434\u0431\u0430\u0440\u0430\u0431\u0430\u043d\u044c\u0435 \u043a\u0440\u044b\u0448\u043a\u0430 1535 x 270 - OSKO-PLAST","robots":{"index":"index","follow":"follow","max-snippet":"max-snippet:-1","max-image-preview":"max-image-preview:large","max-video-preview":"max-video-preview:-1"},"canonical":"https:\/\/osko-plast.pl\/ru\/produkt\/\u043f\u043e\u0434\u0431\u0430\u0440\u0430\u0431\u0430\u043d\u044c\u0435-\u043a\u0440\u044b\u0448\u043a\u0430-1535-x-270\/","og_locale":"ru_RU","og_type":"article","og_title":"\u043f\u043e\u0434\u0431\u0430\u0440\u0430\u0431\u0430\u043d\u044c\u0435 \u043a\u0440\u044b\u0448\u043a\u0430 1535 x 270 - OSKO-PLAST","og_description":"\u043f\u043e\u0434\u0431\u0430\u0440\u0430\u0431\u0430\u043d\u044c\u0435 \u0413\u0440\u0435\u0431\u0435\u043d\u044c (\u043a\u0440\u044b\u0448\u043a\u0430 \u0443\u0441\u0442\u0430\u043d\u0430\u0432\u043b\u0438\u0432\u0430\u0435\u0442\u0441\u044f \u0437\u0430 \u043f\u043e\u0434\u0431\u0430\u0440\u0430\u0431\u0430\u043d\u044c\u0435)  &nbsp;  \u043f\u043e\u0434\u0431\u0430\u0440\u0430\u0431\u0430\u043d\u044c\u0435 \u043a\u0440\u044b\u0448\u043a\u0430 CLAAS Dominator 108","og_url":"https:\/\/osko-plast.pl\/ru\/produkt\/\u043f\u043e\u0434\u0431\u0430\u0440\u0430\u0431\u0430\u043d\u044c\u0435-\u043a\u0440\u044b\u0448\u043a\u0430-1535-x-270\/","og_site_name":"OSKO-PLAST","og_image":[{"width":1680,"height":889,"url":"https:\/\/osko-plast.pl\/wp-content\/uploads\/2021\/02\/grzebie\u0144-klepisska.jpg","type":"image\/jpeg"}],"twitter_card":"summary_large_image","schema":{"@context":"https:\/\/schema.org","@graph":[{"@type":"WebPage","@id":"https:\/\/osko-plast.pl\/ru\/produkt\/%d0%bf%d0%be%d0%b4%d0%b1%d0%b0%d1%80%d0%b0%d0%b1%d0%b0%d0%bd%d1%8c%d0%b5-%d0%ba%d1%80%d1%8b%d1%88%d0%ba%d0%b0-1535-x-270\/","url":"https:\/\/osko-plast.pl\/ru\/produkt\/%d0%bf%d0%be%d0%b4%d0%b1%d0%b0%d1%80%d0%b0%d0%b1%d0%b0%d0%bd%d1%8c%d0%b5-%d0%ba%d1%80%d1%8b%d1%88%d0%ba%d0%b0-1535-x-270\/","name":"\u043f\u043e\u0434\u0431\u0430\u0440\u0430\u0431\u0430\u043d\u044c\u0435 \u043a\u0440\u044b\u0448\u043a\u0430 1535 x 270 - OSKO-PLAST","isPartOf":{"@id":"https:\/\/osko-plast.pl\/ru\/#website"},"primaryImageOfPage":{"@id":"https:\/\/osko-plast.pl\/ru\/produkt\/%d0%bf%d0%be%d0%b4%d0%b1%d0%b0%d1%80%d0%b0%d0%b1%d0%b0%d0%bd%d1%8c%d0%b5-%d0%ba%d1%80%d1%8b%d1%88%d0%ba%d0%b0-1535-x-270\/#primaryimage"},"image":{"@id":"https:\/\/osko-plast.pl\/ru\/produkt\/%d0%bf%d0%be%d0%b4%d0%b1%d0%b0%d1%80%d0%b0%d0%b1%d0%b0%d0%bd%d1%8c%d0%b5-%d0%ba%d1%80%d1%8b%d1%88%d0%ba%d0%b0-1535-x-270\/#primaryimage"},"thumbnailUrl":"https:\/\/osko-plast.pl\/wp-content\/uploads\/2021\/02\/grzebie\u0144-klepisska.jpg","datePublished":"2021-02-03T14:35:41+00:00","breadcrumb":{"@id":"https:\/\/osko-plast.pl\/ru\/produkt\/%d0%bf%d0%be%d0%b4%d0%b1%d0%b0%d1%80%d0%b0%d0%b1%d0%b0%d0%bd%d1%8c%d0%b5-%d0%ba%d1%80%d1%8b%d1%88%d0%ba%d0%b0-1535-x-270\/#breadcrumb"},"inLanguage":"ru-RU","potentialAction":[{"@type":"ReadAction","target":["https:\/\/osko-plast.pl\/ru\/produkt\/%d0%bf%d0%be%d0%b4%d0%b1%d0%b0%d1%80%d0%b0%d0%b1%d0%b0%d0%bd%d1%8c%d0%b5-%d0%ba%d1%80%d1%8b%d1%88%d0%ba%d0%b0-1535-x-270\/"]}]},{"@type":"ImageObject","inLanguage":"ru-RU","@id":"https:\/\/osko-plast.pl\/ru\/produkt\/%d0%bf%d0%be%d0%b4%d0%b1%d0%b0%d1%80%d0%b0%d0%b1%d0%b0%d0%bd%d1%8c%d0%b5-%d0%ba%d1%80%d1%8b%d1%88%d0%ba%d0%b0-1535-x-270\/#primaryimage","url":"https:\/\/osko-plast.pl\/wp-content\/uploads\/2021\/02\/grzebie\u0144-klepisska.jpg","contentUrl":"https:\/\/osko-plast.pl\/wp-content\/uploads\/2021\/02\/grzebie\u0144-klepisska.jpg","width":1680,"height":889},{"@type":"BreadcrumbList","@id":"https:\/\/osko-plast.pl\/ru\/produkt\/%d0%bf%d0%be%d0%b4%d0%b1%d0%b0%d1%80%d0%b0%d0%b1%d0%b0%d0%bd%d1%8c%d0%b5-%d0%ba%d1%80%d1%8b%d1%88%d0%ba%d0%b0-1535-x-270\/#breadcrumb","itemListElement":[{"@type":"ListItem","position":1,"name":"Strona g\u0142\u00f3wna","item":"https:\/\/osko-plast.pl\/ru\/"},{"@type":"ListItem","position":2,"name":"\u043c\u0430\u0433\u0430\u0437\u0438\u043d","item":"https:\/\/osko-plast.pl\/ru\/%d0%bc%d0%b0%d0%b3%d0%b0%d0%b7%d0%b8%d0%bd\/"},{"@type":"ListItem","position":3,"name":"\u043f\u043e\u0434\u0431\u0430\u0440\u0430\u0431\u0430\u043d\u044c\u0435 \u043a\u0440\u044b\u0448\u043a\u0430 1535 x 270"}]},{"@type":"WebSite","@id":"https:\/\/osko-plast.pl\/ru\/#website","url":"https:\/\/osko-plast.pl\/ru\/","name":"OSKO-PLAST","description":"Profesjonalna obr\u00f3bka metali oraz produkcja cz\u0119\u015bci rolniczych","publisher":{"@id":"https:\/\/osko-plast.pl\/ru\/#organization"},"potentialAction":[{"@type":"SearchAction","target":{"@type":"EntryPoint","urlTemplate":"https:\/\/osko-plast.pl\/ru\/?s={search_term_string}"},"query-input":{"@type":"PropertyValueSpecification","valueRequired":true,"valueName":"search_term_string"}}],"inLanguage":"ru-RU"},{"@type":"Organization","@id":"https:\/\/osko-plast.pl\/ru\/#organization","name":"OSKO-PLAST","url":"https:\/\/osko-plast.pl\/ru\/","logo":{"@type":"ImageObject","inLanguage":"ru-RU","@id":"https:\/\/osko-plast.pl\/ru\/#\/schema\/logo\/image\/","url":"https:\/\/osko-plast.pl\/wp-content\/uploads\/2020\/12\/Logo-Oskoplast-1.png","contentUrl":"https:\/\/osko-plast.pl\/wp-content\/uploads\/2020\/12\/Logo-Oskoplast-1.png","width":232,"height":45,"caption":"OSKO-PLAST"},"image":{"@id":"https:\/\/osko-plast.pl\/ru\/#\/schema\/logo\/image\/"}}]}},"_links":{"self":[{"href":"https:\/\/osko-plast.pl\/ru\/wp-json\/wp\/v2\/product\/5059","targetHints":{"allow":["GET"]}}],"collection":[{"href":"https:\/\/osko-plast.pl\/ru\/wp-json\/wp\/v2\/product"}],"about":[{"href":"https:\/\/osko-plast.pl\/ru\/wp-json\/wp\/v2\/types\/product"}],"wp:featuredmedia":[{"embeddable":true,"href":"https:\/\/osko-plast.pl\/ru\/wp-json\/wp\/v2\/media\/3413"}],"wp:attachment":[{"href":"https:\/\/osko-plast.pl\/ru\/wp-json\/wp\/v2\/media?parent=5059"}],"wp:term":[{"taxonomy":"product_brand","embeddable":true,"href":"https:\/\/osko-plast.pl\/ru\/wp-json\/wp\/v2\/product_brand?post=5059"},{"taxonomy":"product_cat","embeddable":true,"href":"https:\/\/osko-plast.pl\/ru\/wp-json\/wp\/v2\/product_cat?post=5059"},{"taxonomy":"product_tag","embeddable":true,"href":"https:\/\/osko-plast.pl\/ru\/wp-json\/wp\/v2\/product_tag?post=5059"},{"taxonomy":"marka","embeddable":true,"href":"https:\/\/osko-plast.pl\/ru\/wp-json\/wp\/v2\/marka?post=5059"},{"taxonomy":"model","embeddable":true,"href":"https:\/\/osko-plast.pl\/ru\/wp-json\/wp\/v2\/model?post=5059"},{"taxonomy":"lamela","embeddable":true,"href":"https:\/\/osko-plast.pl\/ru\/wp-json\/wp\/v2\/lamela?post=5059"},{"taxonomy":"rodzaj_klepiska","embeddable":true,"href":"https:\/\/osko-plast.pl\/ru\/wp-json\/wp\/v2\/rodzaj_klepiska?post=5059"},{"taxonomy":"typ_podsiewacza","embeddable":true,"href":"https:\/\/osko-plast.pl\/ru\/wp-json\/wp\/v2\/typ_podsiewacza?post=5059"},{"taxonomy":"typ_kosza","embeddable":true,"href":"https:\/\/osko-plast.pl\/ru\/wp-json\/wp\/v2\/typ_kosza?post=5059"},{"taxonomy":"rodzaj_sita","embeddable":true,"href":"https:\/\/osko-plast.pl\/ru\/wp-json\/wp\/v2\/rodzaj_sita?post=5059"}],"curies":[{"name":"wp","href":"https:\/\/api.w.org\/{rel}","templated":true}]}}