{"id":5024,"date":"2021-02-04T12:07:40","date_gmt":"2021-02-04T11:07:40","guid":{"rendered":"https:\/\/osko-plast.pl\/produkt\/%d0%bf%d0%be%d0%b4%d0%b1%d0%b0%d1%80%d0%b0%d0%b1%d0%b0%d0%bd%d1%8c%d0%b5-%d0%bf%d1%80%d0%b5%d0%b4%d0%b2%d0%b0%d1%80%d0%b8%d1%82%d0%b5%d0%bb%d1%8c%d0%bd%d1%8b%d0%b9-%d0%b7%d0%b5%d1%80%d0%bd%d0%be-550-x\/"},"modified":"2021-02-04T12:07:40","modified_gmt":"2021-02-04T11:07:40","slug":"%d0%bf%d0%be%d0%b4%d0%b1%d0%b0%d1%80%d0%b0%d0%b1%d0%b0%d0%bd%d1%8c%d0%b5-%d0%bf%d1%80%d0%b5%d0%b4%d0%b2%d0%b0%d1%80%d0%b8%d1%82%d0%b5%d0%bb%d1%8c%d0%bd%d1%8b%d0%b9-%d0%b7%d0%b5%d1%80%d0%bd%d0%be-550-x","status":"publish","type":"product","link":"https:\/\/osko-plast.pl\/ru\/produkt\/%d0%bf%d0%be%d0%b4%d0%b1%d0%b0%d1%80%d0%b0%d0%b1%d0%b0%d0%bd%d1%8c%d0%b5-%d0%bf%d1%80%d0%b5%d0%b4%d0%b2%d0%b0%d1%80%d0%b8%d1%82%d0%b5%d0%bb%d1%8c%d0%bd%d1%8b%d0%b9-%d0%b7%d0%b5%d1%80%d0%bd%d0%be-550-x\/","title":{"rendered":"\u043f\u043e\u0434\u0431\u0430\u0440\u0430\u0431\u0430\u043d\u044c\u0435 \u043f\u0440\u0435\u0434\u0432\u0430\u0440\u0438\u0442\u0435\u043b\u044c\u043d\u044b\u0439 \u0437\u0435\u0440\u043d\u043e 550 x 400"},"content":{"rendered":"<p>\u0412\u043f\u0438\u0441\u044b\u0432\u0430\u0435\u0442\u0441\u044f \u0432:<\/p>\n<p>CLAAS:<\/p>\n<ul>\n<li>Lexion 440<\/li>\n<li>Lexion 450<\/li>\n<li>Lexion 460<\/li>\n<li>Lexion 510<\/li>\n<li>Lexion 520<\/li>\n<li>Lexion 530<\/li>\n<li>Lexion 540<\/li>\n<li>Lexion 550<\/li>\n<li>Lexion 560<\/li>\n<\/ul>\n","protected":false},"excerpt":{"rendered":"<p><span class=\"VIiyi\" lang=\"ru\"><span class=\"JLqJ4b ChMk0b\" data-language-for-alternatives=\"ru\" data-language-to-translate-into=\"pl\" data-phrase-index=\"0\">\u043f\u043e\u0434\u0431\u0430\u0440\u0430\u0431\u0430\u043d\u044c\u0435 \u0440\u0430\u043c\u0430 \u0438\u0437 \u043a\u043e\u043d\u0441\u0442\u0440\u0443\u043a\u0446\u0438\u043e\u043d\u043d\u043e\u0439 \u0441\u0442\u0430\u043b\u0438 S355.<\/span> <span class=\"JLqJ4b ChMk0b\" data-language-for-alternatives=\"ru\" data-language-to-translate-into=\"pl\" data-phrase-index=\"2\">\u041f\u0440\u043e\u0432\u043e\u043b\u043e\u043a\u0430 \u0437\u0430\u043a\u0430\u043b\u0435\u043d\u043d\u0430\u044f Fi3.8, \u0441\u0432\u0435\u0442\u043b\u0430\u044f ~ 10\u043c\u043c.<\/span><\/span><\/p>\n","protected":false},"featured_media":0,"template":"","meta":{"_acf_changed":false},"product_brand":[],"product_cat":[1168],"product_tag":[],"marka":[198],"model":[1326,1327,1328,1313,1154,1315,1329,1330,1331],"lamela":[],"rodzaj_klepiska":[],"typ_podsiewacza":[],"typ_kosza":[],"rodzaj_sita":[],"class_list":{"0":"post-5024","1":"product","2":"type-product","3":"status-publish","5":"product_cat-1168","6":"marka-claas-ru","7":"model-lexion-440-ru","8":"model-lexion-450-ru","9":"model-lexion-460-ru","10":"model-lexion-510-ru","11":"model-lexion-520-ru","12":"model-lexion-530-ru","13":"model-lexion-540-ru","14":"model-lexion-550-ru","15":"model-lexion-560-ru","17":"first","18":"instock","19":"shipping-taxable","20":"product-type-simple"},"acf":[],"yoast_head":"<!-- This site is optimized with the Yoast SEO plugin v25.5 - https:\/\/yoast.com\/wordpress\/plugins\/seo\/ -->\n<title>\u043f\u043e\u0434\u0431\u0430\u0440\u0430\u0431\u0430\u043d\u044c\u0435 \u043f\u0440\u0435\u0434\u0432\u0430\u0440\u0438\u0442\u0435\u043b\u044c\u043d\u044b\u0439 \u0437\u0435\u0440\u043d\u043e 550 x 400 - OSKO-PLAST<\/title>\n<meta name=\"robots\" content=\"index, follow, max-snippet:-1, max-image-preview:large, max-video-preview:-1\" \/>\n<link rel=\"canonical\" href=\"https:\/\/osko-plast.pl\/ru\/produkt\/\u043f\u043e\u0434\u0431\u0430\u0440\u0430\u0431\u0430\u043d\u044c\u0435-\u043f\u0440\u0435\u0434\u0432\u0430\u0440\u0438\u0442\u0435\u043b\u044c\u043d\u044b\u0439-\u0437\u0435\u0440\u043d\u043e-550-x\/\" \/>\n<meta property=\"og:locale\" content=\"ru_RU\" \/>\n<meta property=\"og:type\" content=\"article\" \/>\n<meta property=\"og:title\" content=\"\u043f\u043e\u0434\u0431\u0430\u0440\u0430\u0431\u0430\u043d\u044c\u0435 \u043f\u0440\u0435\u0434\u0432\u0430\u0440\u0438\u0442\u0435\u043b\u044c\u043d\u044b\u0439 \u0437\u0435\u0440\u043d\u043e 550 x 400 - OSKO-PLAST\" \/>\n<meta property=\"og:description\" content=\"\u043f\u043e\u0434\u0431\u0430\u0440\u0430\u0431\u0430\u043d\u044c\u0435 \u0440\u0430\u043c\u0430 \u0438\u0437 \u043a\u043e\u043d\u0441\u0442\u0440\u0443\u043a\u0446\u0438\u043e\u043d\u043d\u043e\u0439 \u0441\u0442\u0430\u043b\u0438 S355. \u041f\u0440\u043e\u0432\u043e\u043b\u043e\u043a\u0430 \u0437\u0430\u043a\u0430\u043b\u0435\u043d\u043d\u0430\u044f Fi3.8, \u0441\u0432\u0435\u0442\u043b\u0430\u044f ~ 10\u043c\u043c.\" \/>\n<meta property=\"og:url\" content=\"https:\/\/osko-plast.pl\/ru\/produkt\/\u043f\u043e\u0434\u0431\u0430\u0440\u0430\u0431\u0430\u043d\u044c\u0435-\u043f\u0440\u0435\u0434\u0432\u0430\u0440\u0438\u0442\u0435\u043b\u044c\u043d\u044b\u0439-\u0437\u0435\u0440\u043d\u043e-550-x\/\" \/>\n<meta property=\"og:site_name\" content=\"OSKO-PLAST\" \/>\n<meta name=\"twitter:card\" content=\"summary_large_image\" \/>\n<script type=\"application\/ld+json\" class=\"yoast-schema-graph\">{\"@context\":\"https:\/\/schema.org\",\"@graph\":[{\"@type\":\"WebPage\",\"@id\":\"https:\/\/osko-plast.pl\/ru\/produkt\/%d0%bf%d0%be%d0%b4%d0%b1%d0%b0%d1%80%d0%b0%d0%b1%d0%b0%d0%bd%d1%8c%d0%b5-%d0%bf%d1%80%d0%b5%d0%b4%d0%b2%d0%b0%d1%80%d0%b8%d1%82%d0%b5%d0%bb%d1%8c%d0%bd%d1%8b%d0%b9-%d0%b7%d0%b5%d1%80%d0%bd%d0%be-550-x\/\",\"url\":\"https:\/\/osko-plast.pl\/ru\/produkt\/%d0%bf%d0%be%d0%b4%d0%b1%d0%b0%d1%80%d0%b0%d0%b1%d0%b0%d0%bd%d1%8c%d0%b5-%d0%bf%d1%80%d0%b5%d0%b4%d0%b2%d0%b0%d1%80%d0%b8%d1%82%d0%b5%d0%bb%d1%8c%d0%bd%d1%8b%d0%b9-%d0%b7%d0%b5%d1%80%d0%bd%d0%be-550-x\/\",\"name\":\"\u043f\u043e\u0434\u0431\u0430\u0440\u0430\u0431\u0430\u043d\u044c\u0435 \u043f\u0440\u0435\u0434\u0432\u0430\u0440\u0438\u0442\u0435\u043b\u044c\u043d\u044b\u0439 \u0437\u0435\u0440\u043d\u043e 550 x 400 - OSKO-PLAST\",\"isPartOf\":{\"@id\":\"https:\/\/osko-plast.pl\/#website\"},\"datePublished\":\"2021-02-04T11:07:40+00:00\",\"breadcrumb\":{\"@id\":\"https:\/\/osko-plast.pl\/ru\/produkt\/%d0%bf%d0%be%d0%b4%d0%b1%d0%b0%d1%80%d0%b0%d0%b1%d0%b0%d0%bd%d1%8c%d0%b5-%d0%bf%d1%80%d0%b5%d0%b4%d0%b2%d0%b0%d1%80%d0%b8%d1%82%d0%b5%d0%bb%d1%8c%d0%bd%d1%8b%d0%b9-%d0%b7%d0%b5%d1%80%d0%bd%d0%be-550-x\/#breadcrumb\"},\"inLanguage\":\"ru-RU\",\"potentialAction\":[{\"@type\":\"ReadAction\",\"target\":[\"https:\/\/osko-plast.pl\/ru\/produkt\/%d0%bf%d0%be%d0%b4%d0%b1%d0%b0%d1%80%d0%b0%d0%b1%d0%b0%d0%bd%d1%8c%d0%b5-%d0%bf%d1%80%d0%b5%d0%b4%d0%b2%d0%b0%d1%80%d0%b8%d1%82%d0%b5%d0%bb%d1%8c%d0%bd%d1%8b%d0%b9-%d0%b7%d0%b5%d1%80%d0%bd%d0%be-550-x\/\"]}]},{\"@type\":\"BreadcrumbList\",\"@id\":\"https:\/\/osko-plast.pl\/ru\/produkt\/%d0%bf%d0%be%d0%b4%d0%b1%d0%b0%d1%80%d0%b0%d0%b1%d0%b0%d0%bd%d1%8c%d0%b5-%d0%bf%d1%80%d0%b5%d0%b4%d0%b2%d0%b0%d1%80%d0%b8%d1%82%d0%b5%d0%bb%d1%8c%d0%bd%d1%8b%d0%b9-%d0%b7%d0%b5%d1%80%d0%bd%d0%be-550-x\/#breadcrumb\",\"itemListElement\":[{\"@type\":\"ListItem\",\"position\":1,\"name\":\"Strona g\u0142\u00f3wna\",\"item\":\"http:\/\/osko-plast.pl\/ru\/\"},{\"@type\":\"ListItem\",\"position\":2,\"name\":\"\u043c\u0430\u0433\u0430\u0437\u0438\u043d\",\"item\":\"https:\/\/osko-plast.pl\/ru\/%d0%bc%d0%b0%d0%b3%d0%b0%d0%b7%d0%b8%d0%bd\/\"},{\"@type\":\"ListItem\",\"position\":3,\"name\":\"\u043f\u043e\u0434\u0431\u0430\u0440\u0430\u0431\u0430\u043d\u044c\u0435 \u043f\u0440\u0435\u0434\u0432\u0430\u0440\u0438\u0442\u0435\u043b\u044c\u043d\u044b\u0439 \u0437\u0435\u0440\u043d\u043e 550 x 400\"}]},{\"@type\":\"WebSite\",\"@id\":\"https:\/\/osko-plast.pl\/#website\",\"url\":\"https:\/\/osko-plast.pl\/\",\"name\":\"OSKO-PLAST\",\"description\":\"Profesjonalna obr\u00f3bka metali oraz produkcja cz\u0119\u015bci rolniczych\",\"publisher\":{\"@id\":\"https:\/\/osko-plast.pl\/#organization\"},\"potentialAction\":[{\"@type\":\"SearchAction\",\"target\":{\"@type\":\"EntryPoint\",\"urlTemplate\":\"https:\/\/osko-plast.pl\/?s={search_term_string}\"},\"query-input\":{\"@type\":\"PropertyValueSpecification\",\"valueRequired\":true,\"valueName\":\"search_term_string\"}}],\"inLanguage\":\"ru-RU\"},{\"@type\":\"Organization\",\"@id\":\"https:\/\/osko-plast.pl\/#organization\",\"name\":\"OSKO-PLAST\",\"url\":\"https:\/\/osko-plast.pl\/\",\"logo\":{\"@type\":\"ImageObject\",\"inLanguage\":\"ru-RU\",\"@id\":\"https:\/\/osko-plast.pl\/#\/schema\/logo\/image\/\",\"url\":\"https:\/\/osko-plast.pl\/wp-content\/uploads\/2020\/12\/Logo-Oskoplast-1.png\",\"contentUrl\":\"https:\/\/osko-plast.pl\/wp-content\/uploads\/2020\/12\/Logo-Oskoplast-1.png\",\"width\":232,\"height\":45,\"caption\":\"OSKO-PLAST\"},\"image\":{\"@id\":\"https:\/\/osko-plast.pl\/#\/schema\/logo\/image\/\"}}]}<\/script>\n<!-- \/ Yoast SEO plugin. -->","yoast_head_json":{"title":"\u043f\u043e\u0434\u0431\u0430\u0440\u0430\u0431\u0430\u043d\u044c\u0435 \u043f\u0440\u0435\u0434\u0432\u0430\u0440\u0438\u0442\u0435\u043b\u044c\u043d\u044b\u0439 \u0437\u0435\u0440\u043d\u043e 550 x 400 - OSKO-PLAST","robots":{"index":"index","follow":"follow","max-snippet":"max-snippet:-1","max-image-preview":"max-image-preview:large","max-video-preview":"max-video-preview:-1"},"canonical":"https:\/\/osko-plast.pl\/ru\/produkt\/\u043f\u043e\u0434\u0431\u0430\u0440\u0430\u0431\u0430\u043d\u044c\u0435-\u043f\u0440\u0435\u0434\u0432\u0430\u0440\u0438\u0442\u0435\u043b\u044c\u043d\u044b\u0439-\u0437\u0435\u0440\u043d\u043e-550-x\/","og_locale":"ru_RU","og_type":"article","og_title":"\u043f\u043e\u0434\u0431\u0430\u0440\u0430\u0431\u0430\u043d\u044c\u0435 \u043f\u0440\u0435\u0434\u0432\u0430\u0440\u0438\u0442\u0435\u043b\u044c\u043d\u044b\u0439 \u0437\u0435\u0440\u043d\u043e 550 x 400 - OSKO-PLAST","og_description":"\u043f\u043e\u0434\u0431\u0430\u0440\u0430\u0431\u0430\u043d\u044c\u0435 \u0440\u0430\u043c\u0430 \u0438\u0437 \u043a\u043e\u043d\u0441\u0442\u0440\u0443\u043a\u0446\u0438\u043e\u043d\u043d\u043e\u0439 \u0441\u0442\u0430\u043b\u0438 S355. \u041f\u0440\u043e\u0432\u043e\u043b\u043e\u043a\u0430 \u0437\u0430\u043a\u0430\u043b\u0435\u043d\u043d\u0430\u044f Fi3.8, \u0441\u0432\u0435\u0442\u043b\u0430\u044f ~ 10\u043c\u043c.","og_url":"https:\/\/osko-plast.pl\/ru\/produkt\/\u043f\u043e\u0434\u0431\u0430\u0440\u0430\u0431\u0430\u043d\u044c\u0435-\u043f\u0440\u0435\u0434\u0432\u0430\u0440\u0438\u0442\u0435\u043b\u044c\u043d\u044b\u0439-\u0437\u0435\u0440\u043d\u043e-550-x\/","og_site_name":"OSKO-PLAST","twitter_card":"summary_large_image","schema":{"@context":"https:\/\/schema.org","@graph":[{"@type":"WebPage","@id":"https:\/\/osko-plast.pl\/ru\/produkt\/%d0%bf%d0%be%d0%b4%d0%b1%d0%b0%d1%80%d0%b0%d0%b1%d0%b0%d0%bd%d1%8c%d0%b5-%d0%bf%d1%80%d0%b5%d0%b4%d0%b2%d0%b0%d1%80%d0%b8%d1%82%d0%b5%d0%bb%d1%8c%d0%bd%d1%8b%d0%b9-%d0%b7%d0%b5%d1%80%d0%bd%d0%be-550-x\/","url":"https:\/\/osko-plast.pl\/ru\/produkt\/%d0%bf%d0%be%d0%b4%d0%b1%d0%b0%d1%80%d0%b0%d0%b1%d0%b0%d0%bd%d1%8c%d0%b5-%d0%bf%d1%80%d0%b5%d0%b4%d0%b2%d0%b0%d1%80%d0%b8%d1%82%d0%b5%d0%bb%d1%8c%d0%bd%d1%8b%d0%b9-%d0%b7%d0%b5%d1%80%d0%bd%d0%be-550-x\/","name":"\u043f\u043e\u0434\u0431\u0430\u0440\u0430\u0431\u0430\u043d\u044c\u0435 \u043f\u0440\u0435\u0434\u0432\u0430\u0440\u0438\u0442\u0435\u043b\u044c\u043d\u044b\u0439 \u0437\u0435\u0440\u043d\u043e 550 x 400 - OSKO-PLAST","isPartOf":{"@id":"https:\/\/osko-plast.pl\/#website"},"datePublished":"2021-02-04T11:07:40+00:00","breadcrumb":{"@id":"https:\/\/osko-plast.pl\/ru\/produkt\/%d0%bf%d0%be%d0%b4%d0%b1%d0%b0%d1%80%d0%b0%d0%b1%d0%b0%d0%bd%d1%8c%d0%b5-%d0%bf%d1%80%d0%b5%d0%b4%d0%b2%d0%b0%d1%80%d0%b8%d1%82%d0%b5%d0%bb%d1%8c%d0%bd%d1%8b%d0%b9-%d0%b7%d0%b5%d1%80%d0%bd%d0%be-550-x\/#breadcrumb"},"inLanguage":"ru-RU","potentialAction":[{"@type":"ReadAction","target":["https:\/\/osko-plast.pl\/ru\/produkt\/%d0%bf%d0%be%d0%b4%d0%b1%d0%b0%d1%80%d0%b0%d0%b1%d0%b0%d0%bd%d1%8c%d0%b5-%d0%bf%d1%80%d0%b5%d0%b4%d0%b2%d0%b0%d1%80%d0%b8%d1%82%d0%b5%d0%bb%d1%8c%d0%bd%d1%8b%d0%b9-%d0%b7%d0%b5%d1%80%d0%bd%d0%be-550-x\/"]}]},{"@type":"BreadcrumbList","@id":"https:\/\/osko-plast.pl\/ru\/produkt\/%d0%bf%d0%be%d0%b4%d0%b1%d0%b0%d1%80%d0%b0%d0%b1%d0%b0%d0%bd%d1%8c%d0%b5-%d0%bf%d1%80%d0%b5%d0%b4%d0%b2%d0%b0%d1%80%d0%b8%d1%82%d0%b5%d0%bb%d1%8c%d0%bd%d1%8b%d0%b9-%d0%b7%d0%b5%d1%80%d0%bd%d0%be-550-x\/#breadcrumb","itemListElement":[{"@type":"ListItem","position":1,"name":"Strona g\u0142\u00f3wna","item":"http:\/\/osko-plast.pl\/ru\/"},{"@type":"ListItem","position":2,"name":"\u043c\u0430\u0433\u0430\u0437\u0438\u043d","item":"https:\/\/osko-plast.pl\/ru\/%d0%bc%d0%b0%d0%b3%d0%b0%d0%b7%d0%b8%d0%bd\/"},{"@type":"ListItem","position":3,"name":"\u043f\u043e\u0434\u0431\u0430\u0440\u0430\u0431\u0430\u043d\u044c\u0435 \u043f\u0440\u0435\u0434\u0432\u0430\u0440\u0438\u0442\u0435\u043b\u044c\u043d\u044b\u0439 \u0437\u0435\u0440\u043d\u043e 550 x 400"}]},{"@type":"WebSite","@id":"https:\/\/osko-plast.pl\/#website","url":"https:\/\/osko-plast.pl\/","name":"OSKO-PLAST","description":"Profesjonalna obr\u00f3bka metali oraz produkcja cz\u0119\u015bci rolniczych","publisher":{"@id":"https:\/\/osko-plast.pl\/#organization"},"potentialAction":[{"@type":"SearchAction","target":{"@type":"EntryPoint","urlTemplate":"https:\/\/osko-plast.pl\/?s={search_term_string}"},"query-input":{"@type":"PropertyValueSpecification","valueRequired":true,"valueName":"search_term_string"}}],"inLanguage":"ru-RU"},{"@type":"Organization","@id":"https:\/\/osko-plast.pl\/#organization","name":"OSKO-PLAST","url":"https:\/\/osko-plast.pl\/","logo":{"@type":"ImageObject","inLanguage":"ru-RU","@id":"https:\/\/osko-plast.pl\/#\/schema\/logo\/image\/","url":"https:\/\/osko-plast.pl\/wp-content\/uploads\/2020\/12\/Logo-Oskoplast-1.png","contentUrl":"https:\/\/osko-plast.pl\/wp-content\/uploads\/2020\/12\/Logo-Oskoplast-1.png","width":232,"height":45,"caption":"OSKO-PLAST"},"image":{"@id":"https:\/\/osko-plast.pl\/#\/schema\/logo\/image\/"}}]}},"_links":{"self":[{"href":"https:\/\/osko-plast.pl\/ru\/wp-json\/wp\/v2\/product\/5024","targetHints":{"allow":["GET"]}}],"collection":[{"href":"https:\/\/osko-plast.pl\/ru\/wp-json\/wp\/v2\/product"}],"about":[{"href":"https:\/\/osko-plast.pl\/ru\/wp-json\/wp\/v2\/types\/product"}],"wp:attachment":[{"href":"https:\/\/osko-plast.pl\/ru\/wp-json\/wp\/v2\/media?parent=5024"}],"wp:term":[{"taxonomy":"product_brand","embeddable":true,"href":"https:\/\/osko-plast.pl\/ru\/wp-json\/wp\/v2\/product_brand?post=5024"},{"taxonomy":"product_cat","embeddable":true,"href":"https:\/\/osko-plast.pl\/ru\/wp-json\/wp\/v2\/product_cat?post=5024"},{"taxonomy":"product_tag","embeddable":true,"href":"https:\/\/osko-plast.pl\/ru\/wp-json\/wp\/v2\/product_tag?post=5024"},{"taxonomy":"marka","embeddable":true,"href":"https:\/\/osko-plast.pl\/ru\/wp-json\/wp\/v2\/marka?post=5024"},{"taxonomy":"model","embeddable":true,"href":"https:\/\/osko-plast.pl\/ru\/wp-json\/wp\/v2\/model?post=5024"},{"taxonomy":"lamela","embeddable":true,"href":"https:\/\/osko-plast.pl\/ru\/wp-json\/wp\/v2\/lamela?post=5024"},{"taxonomy":"rodzaj_klepiska","embeddable":true,"href":"https:\/\/osko-plast.pl\/ru\/wp-json\/wp\/v2\/rodzaj_klepiska?post=5024"},{"taxonomy":"typ_podsiewacza","embeddable":true,"href":"https:\/\/osko-plast.pl\/ru\/wp-json\/wp\/v2\/typ_podsiewacza?post=5024"},{"taxonomy":"typ_kosza","embeddable":true,"href":"https:\/\/osko-plast.pl\/ru\/wp-json\/wp\/v2\/typ_kosza?post=5024"},{"taxonomy":"rodzaj_sita","embeddable":true,"href":"https:\/\/osko-plast.pl\/ru\/wp-json\/wp\/v2\/rodzaj_sita?post=5024"}],"curies":[{"name":"wp","href":"https:\/\/api.w.org\/{rel}","templated":true}]}}