{"id":5870,"date":"2021-01-18T10:54:15","date_gmt":"2021-01-18T09:54:15","guid":{"rendered":"https:\/\/osko-plast.pl\/produkt\/upper-bottom-sieve-ldw-604-x-1300\/"},"modified":"2021-01-18T10:54:15","modified_gmt":"2021-01-18T09:54:15","slug":"upper-bottom-sieve-ldw-604-x-1300","status":"publish","type":"product","link":"https:\/\/osko-plast.pl\/en\/produkt\/upper-bottom-sieve-ldw-604-x-1300\/","title":{"rendered":"upper \/ bottom sieve LDW 604 x 1300"},"content":{"rendered":"<p>Fits into:<\/p>\n<p>Deutz Fahr:<\/p>\n<ul>\n<li>1300<\/li>\n<li>1302<\/li>\n<li>1320<\/li>\n<li>1322<\/li>\n<li>2480<\/li>\n<li>2580<\/li>\n<li>2680<\/li>\n<li>2685<\/li>\n<li>2780<\/li>\n<li>3480<\/li>\n<li>3540<\/li>\n<li>3570<\/li>\n<li>3575<\/li>\n<li>3580<\/li>\n<\/ul>\n","protected":false},"excerpt":{"rendered":"<p>Fits into: Deutz Fahr: 1300 1302 1320 1322 2480 2580 2680 2685 2780 3480 3540 3570 3575 3580<\/p>\n","protected":false},"featured_media":1630,"template":"","meta":{"_acf_changed":false},"product_brand":[],"product_cat":[194],"product_tag":[],"marka":[203],"model":[1744,1149,1745,1746,1747,1748,1147,1749,1750,1723,1751,1752,1753,1700],"lamela":[],"rodzaj_klepiska":[],"typ_podsiewacza":[],"typ_kosza":[],"rodzaj_sita":[],"class_list":{"0":"post-5870","1":"product","2":"type-product","3":"status-publish","4":"has-post-thumbnail","6":"product_cat-sieves","7":"marka-deutz-fahr-en","8":"model-1300-en","9":"model-1302-en","10":"model-1320-en","11":"model-1322-en","12":"model-2480-en","13":"model-2580-en","14":"model-2680-en","15":"model-2685-en","16":"model-2780-en","17":"model-3480-en","18":"model-3540-en","19":"model-3570-en","20":"model-3575-en","21":"model-3580-en","23":"first","24":"instock","25":"shipping-taxable","26":"product-type-simple"},"acf":[],"yoast_head":"<!-- This site is optimized with the Yoast SEO plugin v25.5 - https:\/\/yoast.com\/wordpress\/plugins\/seo\/ -->\n<title>upper \/ bottom sieve LDW 604 x 1300 - OSKO-PLAST<\/title>\n<meta name=\"robots\" content=\"index, follow, max-snippet:-1, max-image-preview:large, max-video-preview:-1\" \/>\n<link rel=\"canonical\" href=\"https:\/\/osko-plast.pl\/en\/produkt\/upper-bottom-sieve-ldw-604-x-1300\/\" \/>\n<meta property=\"og:locale\" content=\"en_US\" \/>\n<meta property=\"og:type\" content=\"article\" \/>\n<meta property=\"og:title\" content=\"upper \/ bottom sieve LDW 604 x 1300 - OSKO-PLAST\" \/>\n<meta property=\"og:description\" content=\"Fits into: Deutz Fahr: 1300 1302 1320 1322 2480 2580 2680 2685 2780 3480 3540 3570 3575 3580\" \/>\n<meta property=\"og:url\" content=\"https:\/\/osko-plast.pl\/en\/produkt\/upper-bottom-sieve-ldw-604-x-1300\/\" \/>\n<meta property=\"og:site_name\" content=\"OSKO-PLAST\" \/>\n<meta property=\"og:image\" content=\"https:\/\/osko-plast.pl\/wp-content\/uploads\/2020\/12\/LDW-Copy.jpg\" \/>\n\t<meta property=\"og:image:width\" content=\"1280\" \/>\n\t<meta property=\"og:image:height\" content=\"854\" \/>\n\t<meta property=\"og:image:type\" content=\"image\/jpeg\" \/>\n<meta name=\"twitter:card\" content=\"summary_large_image\" \/>\n<script type=\"application\/ld+json\" class=\"yoast-schema-graph\">{\"@context\":\"https:\/\/schema.org\",\"@graph\":[{\"@type\":\"WebPage\",\"@id\":\"https:\/\/osko-plast.pl\/en\/produkt\/upper-bottom-sieve-ldw-604-x-1300\/\",\"url\":\"https:\/\/osko-plast.pl\/en\/produkt\/upper-bottom-sieve-ldw-604-x-1300\/\",\"name\":\"upper \/ bottom sieve LDW 604 x 1300 - OSKO-PLAST\",\"isPartOf\":{\"@id\":\"https:\/\/osko-plast.pl\/#website\"},\"primaryImageOfPage\":{\"@id\":\"https:\/\/osko-plast.pl\/en\/produkt\/upper-bottom-sieve-ldw-604-x-1300\/#primaryimage\"},\"image\":{\"@id\":\"https:\/\/osko-plast.pl\/en\/produkt\/upper-bottom-sieve-ldw-604-x-1300\/#primaryimage\"},\"thumbnailUrl\":\"https:\/\/osko-plast.pl\/wp-content\/uploads\/2020\/12\/LDW-Copy.jpg\",\"datePublished\":\"2021-01-18T09:54:15+00:00\",\"breadcrumb\":{\"@id\":\"https:\/\/osko-plast.pl\/en\/produkt\/upper-bottom-sieve-ldw-604-x-1300\/#breadcrumb\"},\"inLanguage\":\"en-US\",\"potentialAction\":[{\"@type\":\"ReadAction\",\"target\":[\"https:\/\/osko-plast.pl\/en\/produkt\/upper-bottom-sieve-ldw-604-x-1300\/\"]}]},{\"@type\":\"ImageObject\",\"inLanguage\":\"en-US\",\"@id\":\"https:\/\/osko-plast.pl\/en\/produkt\/upper-bottom-sieve-ldw-604-x-1300\/#primaryimage\",\"url\":\"https:\/\/osko-plast.pl\/wp-content\/uploads\/2020\/12\/LDW-Copy.jpg\",\"contentUrl\":\"https:\/\/osko-plast.pl\/wp-content\/uploads\/2020\/12\/LDW-Copy.jpg\",\"width\":1280,\"height\":854},{\"@type\":\"BreadcrumbList\",\"@id\":\"https:\/\/osko-plast.pl\/en\/produkt\/upper-bottom-sieve-ldw-604-x-1300\/#breadcrumb\",\"itemListElement\":[{\"@type\":\"ListItem\",\"position\":1,\"name\":\"Strona g\u0142\u00f3wna\",\"item\":\"https:\/\/osko-plast.pl\/en\/\"},{\"@type\":\"ListItem\",\"position\":2,\"name\":\"Store\",\"item\":\"http:\/\/osko-plast.pl\/en\/store\/\"},{\"@type\":\"ListItem\",\"position\":3,\"name\":\"upper \/ bottom sieve LDW 604 x 1300\"}]},{\"@type\":\"WebSite\",\"@id\":\"https:\/\/osko-plast.pl\/#website\",\"url\":\"https:\/\/osko-plast.pl\/\",\"name\":\"OSKO-PLAST\",\"description\":\"Profesjonalna obr\u00f3bka metali oraz produkcja cz\u0119\u015bci rolniczych\",\"publisher\":{\"@id\":\"https:\/\/osko-plast.pl\/#organization\"},\"potentialAction\":[{\"@type\":\"SearchAction\",\"target\":{\"@type\":\"EntryPoint\",\"urlTemplate\":\"https:\/\/osko-plast.pl\/?s={search_term_string}\"},\"query-input\":{\"@type\":\"PropertyValueSpecification\",\"valueRequired\":true,\"valueName\":\"search_term_string\"}}],\"inLanguage\":\"en-US\"},{\"@type\":\"Organization\",\"@id\":\"https:\/\/osko-plast.pl\/#organization\",\"name\":\"OSKO-PLAST\",\"url\":\"https:\/\/osko-plast.pl\/\",\"logo\":{\"@type\":\"ImageObject\",\"inLanguage\":\"en-US\",\"@id\":\"https:\/\/osko-plast.pl\/#\/schema\/logo\/image\/\",\"url\":\"https:\/\/osko-plast.pl\/wp-content\/uploads\/2020\/12\/Logo-Oskoplast-1.png\",\"contentUrl\":\"https:\/\/osko-plast.pl\/wp-content\/uploads\/2020\/12\/Logo-Oskoplast-1.png\",\"width\":232,\"height\":45,\"caption\":\"OSKO-PLAST\"},\"image\":{\"@id\":\"https:\/\/osko-plast.pl\/#\/schema\/logo\/image\/\"}}]}<\/script>\n<!-- \/ Yoast SEO plugin. -->","yoast_head_json":{"title":"upper \/ bottom sieve LDW 604 x 1300 - OSKO-PLAST","robots":{"index":"index","follow":"follow","max-snippet":"max-snippet:-1","max-image-preview":"max-image-preview:large","max-video-preview":"max-video-preview:-1"},"canonical":"https:\/\/osko-plast.pl\/en\/produkt\/upper-bottom-sieve-ldw-604-x-1300\/","og_locale":"en_US","og_type":"article","og_title":"upper \/ bottom sieve LDW 604 x 1300 - OSKO-PLAST","og_description":"Fits into: Deutz Fahr: 1300 1302 1320 1322 2480 2580 2680 2685 2780 3480 3540 3570 3575 3580","og_url":"https:\/\/osko-plast.pl\/en\/produkt\/upper-bottom-sieve-ldw-604-x-1300\/","og_site_name":"OSKO-PLAST","og_image":[{"width":1280,"height":854,"url":"https:\/\/osko-plast.pl\/wp-content\/uploads\/2020\/12\/LDW-Copy.jpg","type":"image\/jpeg"}],"twitter_card":"summary_large_image","schema":{"@context":"https:\/\/schema.org","@graph":[{"@type":"WebPage","@id":"https:\/\/osko-plast.pl\/en\/produkt\/upper-bottom-sieve-ldw-604-x-1300\/","url":"https:\/\/osko-plast.pl\/en\/produkt\/upper-bottom-sieve-ldw-604-x-1300\/","name":"upper \/ bottom sieve LDW 604 x 1300 - OSKO-PLAST","isPartOf":{"@id":"https:\/\/osko-plast.pl\/#website"},"primaryImageOfPage":{"@id":"https:\/\/osko-plast.pl\/en\/produkt\/upper-bottom-sieve-ldw-604-x-1300\/#primaryimage"},"image":{"@id":"https:\/\/osko-plast.pl\/en\/produkt\/upper-bottom-sieve-ldw-604-x-1300\/#primaryimage"},"thumbnailUrl":"https:\/\/osko-plast.pl\/wp-content\/uploads\/2020\/12\/LDW-Copy.jpg","datePublished":"2021-01-18T09:54:15+00:00","breadcrumb":{"@id":"https:\/\/osko-plast.pl\/en\/produkt\/upper-bottom-sieve-ldw-604-x-1300\/#breadcrumb"},"inLanguage":"en-US","potentialAction":[{"@type":"ReadAction","target":["https:\/\/osko-plast.pl\/en\/produkt\/upper-bottom-sieve-ldw-604-x-1300\/"]}]},{"@type":"ImageObject","inLanguage":"en-US","@id":"https:\/\/osko-plast.pl\/en\/produkt\/upper-bottom-sieve-ldw-604-x-1300\/#primaryimage","url":"https:\/\/osko-plast.pl\/wp-content\/uploads\/2020\/12\/LDW-Copy.jpg","contentUrl":"https:\/\/osko-plast.pl\/wp-content\/uploads\/2020\/12\/LDW-Copy.jpg","width":1280,"height":854},{"@type":"BreadcrumbList","@id":"https:\/\/osko-plast.pl\/en\/produkt\/upper-bottom-sieve-ldw-604-x-1300\/#breadcrumb","itemListElement":[{"@type":"ListItem","position":1,"name":"Strona g\u0142\u00f3wna","item":"https:\/\/osko-plast.pl\/en\/"},{"@type":"ListItem","position":2,"name":"Store","item":"http:\/\/osko-plast.pl\/en\/store\/"},{"@type":"ListItem","position":3,"name":"upper \/ bottom sieve LDW 604 x 1300"}]},{"@type":"WebSite","@id":"https:\/\/osko-plast.pl\/#website","url":"https:\/\/osko-plast.pl\/","name":"OSKO-PLAST","description":"Profesjonalna obr\u00f3bka metali oraz produkcja cz\u0119\u015bci rolniczych","publisher":{"@id":"https:\/\/osko-plast.pl\/#organization"},"potentialAction":[{"@type":"SearchAction","target":{"@type":"EntryPoint","urlTemplate":"https:\/\/osko-plast.pl\/?s={search_term_string}"},"query-input":{"@type":"PropertyValueSpecification","valueRequired":true,"valueName":"search_term_string"}}],"inLanguage":"en-US"},{"@type":"Organization","@id":"https:\/\/osko-plast.pl\/#organization","name":"OSKO-PLAST","url":"https:\/\/osko-plast.pl\/","logo":{"@type":"ImageObject","inLanguage":"en-US","@id":"https:\/\/osko-plast.pl\/#\/schema\/logo\/image\/","url":"https:\/\/osko-plast.pl\/wp-content\/uploads\/2020\/12\/Logo-Oskoplast-1.png","contentUrl":"https:\/\/osko-plast.pl\/wp-content\/uploads\/2020\/12\/Logo-Oskoplast-1.png","width":232,"height":45,"caption":"OSKO-PLAST"},"image":{"@id":"https:\/\/osko-plast.pl\/#\/schema\/logo\/image\/"}}]}},"_links":{"self":[{"href":"https:\/\/osko-plast.pl\/en\/wp-json\/wp\/v2\/product\/5870","targetHints":{"allow":["GET"]}}],"collection":[{"href":"https:\/\/osko-plast.pl\/en\/wp-json\/wp\/v2\/product"}],"about":[{"href":"https:\/\/osko-plast.pl\/en\/wp-json\/wp\/v2\/types\/product"}],"wp:featuredmedia":[{"embeddable":true,"href":"https:\/\/osko-plast.pl\/en\/wp-json\/wp\/v2\/media\/1630"}],"wp:attachment":[{"href":"https:\/\/osko-plast.pl\/en\/wp-json\/wp\/v2\/media?parent=5870"}],"wp:term":[{"taxonomy":"product_brand","embeddable":true,"href":"https:\/\/osko-plast.pl\/en\/wp-json\/wp\/v2\/product_brand?post=5870"},{"taxonomy":"product_cat","embeddable":true,"href":"https:\/\/osko-plast.pl\/en\/wp-json\/wp\/v2\/product_cat?post=5870"},{"taxonomy":"product_tag","embeddable":true,"href":"https:\/\/osko-plast.pl\/en\/wp-json\/wp\/v2\/product_tag?post=5870"},{"taxonomy":"marka","embeddable":true,"href":"https:\/\/osko-plast.pl\/en\/wp-json\/wp\/v2\/marka?post=5870"},{"taxonomy":"model","embeddable":true,"href":"https:\/\/osko-plast.pl\/en\/wp-json\/wp\/v2\/model?post=5870"},{"taxonomy":"lamela","embeddable":true,"href":"https:\/\/osko-plast.pl\/en\/wp-json\/wp\/v2\/lamela?post=5870"},{"taxonomy":"rodzaj_klepiska","embeddable":true,"href":"https:\/\/osko-plast.pl\/en\/wp-json\/wp\/v2\/rodzaj_klepiska?post=5870"},{"taxonomy":"typ_podsiewacza","embeddable":true,"href":"https:\/\/osko-plast.pl\/en\/wp-json\/wp\/v2\/typ_podsiewacza?post=5870"},{"taxonomy":"typ_kosza","embeddable":true,"href":"https:\/\/osko-plast.pl\/en\/wp-json\/wp\/v2\/typ_kosza?post=5870"},{"taxonomy":"rodzaj_sita","embeddable":true,"href":"https:\/\/osko-plast.pl\/en\/wp-json\/wp\/v2\/rodzaj_sita?post=5870"}],"curies":[{"name":"wp","href":"https:\/\/api.w.org\/{rel}","templated":true}]}}