{"id":5025,"date":"2021-02-04T12:03:58","date_gmt":"2021-02-04T11:03:58","guid":{"rendered":"https:\/\/osko-plast.pl\/produkt\/round-bar-corn-pre-concave-550-x-400\/"},"modified":"2021-02-04T12:03:58","modified_gmt":"2021-02-04T11:03:58","slug":"round-bar-corn-pre-concave-550-x-400","status":"publish","type":"product","link":"https:\/\/osko-plast.pl\/en\/produkt\/round-bar-corn-pre-concave-550-x-400\/","title":{"rendered":"round bar corn pre-concave 550 x 400"},"content":{"rendered":"<p>Fits into:<\/p>\n<p>CLAAS:<\/p>\n<ul>\n<li>Lexion 440<\/li>\n<li>Lexion 450<\/li>\n<li>Lexion 460<\/li>\n<li>Lexion 510<\/li>\n<li>Lexion 520<\/li>\n<li>Lexion 530<\/li>\n<li>Lexion 540<\/li>\n<li>Lexion 550<\/li>\n<li>Lexion 560<\/li>\n<\/ul>\n","protected":false},"excerpt":{"rendered":"<p><span class=\"VIiyi\" lang=\"en\"><span class=\"JLqJ4b ChMk0b\" data-language-for-alternatives=\"en\" data-language-to-translate-into=\"pl\" data-phrase-index=\"0\">High-performance bar concave.<\/span> <span class=\"JLqJ4b ChMk0b\" data-language-for-alternatives=\"en\" data-language-to-translate-into=\"pl\" data-phrase-index=\"2\">Concave frame made of S355 structural steel.<\/span> <span class=\"JLqJ4b ChMk0b\" data-language-for-alternatives=\"en\" data-language-to-translate-into=\"pl\" data-phrase-index=\"4\">Rod fi16, light between the bars 16mm.<\/span><\/span><\/p>\n<p>&nbsp;<\/p>\n<p><a href=\"https:\/\/osko-plast.pl\/wp-content\/uploads\/2021\/02\/Lexion440.KWP_2D.pdf\">Corn concave CLAAS Lexion 440<\/a><\/p>\n","protected":false},"featured_media":3610,"template":"","meta":{"_acf_changed":false},"product_brand":[],"product_cat":[1167],"product_tag":[],"marka":[195],"model":[1320,1321,1322,1304,1153,1306,1323,1324,1325],"lamela":[],"rodzaj_klepiska":[],"typ_podsiewacza":[],"typ_kosza":[],"rodzaj_sita":[],"class_list":{"0":"post-5025","1":"product","2":"type-product","3":"status-publish","4":"has-post-thumbnail","6":"product_cat-klepiska-en","7":"marka-claas-en","8":"model-lexion-440-en","9":"model-lexion-450-en","10":"model-lexion-460-en","11":"model-lexion-510-en","12":"model-lexion-520-en","13":"model-lexion-530-en","14":"model-lexion-540-en","15":"model-lexion-550-en","16":"model-lexion-560-en","18":"first","19":"instock","20":"shipping-taxable","21":"product-type-simple"},"acf":[],"yoast_head":"<!-- This site is optimized with the Yoast SEO plugin v25.5 - https:\/\/yoast.com\/wordpress\/plugins\/seo\/ -->\n<title>round bar corn pre-concave 550 x 400 - OSKO-PLAST<\/title>\n<meta name=\"robots\" content=\"index, follow, max-snippet:-1, max-image-preview:large, max-video-preview:-1\" \/>\n<link rel=\"canonical\" href=\"https:\/\/osko-plast.pl\/en\/produkt\/round-bar-corn-pre-concave-550-x-400\/\" \/>\n<meta property=\"og:locale\" content=\"en_US\" \/>\n<meta property=\"og:type\" content=\"article\" \/>\n<meta property=\"og:title\" content=\"round bar corn pre-concave 550 x 400 - OSKO-PLAST\" \/>\n<meta property=\"og:description\" content=\"High-performance bar concave. Concave frame made of S355 structural steel. Rod fi16, light between the bars 16mm.  &nbsp;  Corn concave CLAAS Lexion 440\" \/>\n<meta property=\"og:url\" content=\"https:\/\/osko-plast.pl\/en\/produkt\/round-bar-corn-pre-concave-550-x-400\/\" \/>\n<meta property=\"og:site_name\" content=\"OSKO-PLAST\" \/>\n<meta property=\"og:image\" content=\"https:\/\/osko-plast.pl\/wp-content\/uploads\/2021\/02\/klepisko-lexion-440-p.jpg\" \/>\n\t<meta property=\"og:image:width\" content=\"1681\" \/>\n\t<meta property=\"og:image:height\" content=\"889\" \/>\n\t<meta property=\"og:image:type\" content=\"image\/jpeg\" \/>\n<meta name=\"twitter:card\" content=\"summary_large_image\" \/>\n<script type=\"application\/ld+json\" class=\"yoast-schema-graph\">{\"@context\":\"https:\/\/schema.org\",\"@graph\":[{\"@type\":\"WebPage\",\"@id\":\"https:\/\/osko-plast.pl\/en\/produkt\/round-bar-corn-pre-concave-550-x-400\/\",\"url\":\"https:\/\/osko-plast.pl\/en\/produkt\/round-bar-corn-pre-concave-550-x-400\/\",\"name\":\"round bar corn pre-concave 550 x 400 - OSKO-PLAST\",\"isPartOf\":{\"@id\":\"https:\/\/osko-plast.pl\/#website\"},\"primaryImageOfPage\":{\"@id\":\"https:\/\/osko-plast.pl\/en\/produkt\/round-bar-corn-pre-concave-550-x-400\/#primaryimage\"},\"image\":{\"@id\":\"https:\/\/osko-plast.pl\/en\/produkt\/round-bar-corn-pre-concave-550-x-400\/#primaryimage\"},\"thumbnailUrl\":\"https:\/\/osko-plast.pl\/wp-content\/uploads\/2021\/02\/klepisko-lexion-440-p.jpg\",\"datePublished\":\"2021-02-04T11:03:58+00:00\",\"breadcrumb\":{\"@id\":\"https:\/\/osko-plast.pl\/en\/produkt\/round-bar-corn-pre-concave-550-x-400\/#breadcrumb\"},\"inLanguage\":\"en-US\",\"potentialAction\":[{\"@type\":\"ReadAction\",\"target\":[\"https:\/\/osko-plast.pl\/en\/produkt\/round-bar-corn-pre-concave-550-x-400\/\"]}]},{\"@type\":\"ImageObject\",\"inLanguage\":\"en-US\",\"@id\":\"https:\/\/osko-plast.pl\/en\/produkt\/round-bar-corn-pre-concave-550-x-400\/#primaryimage\",\"url\":\"https:\/\/osko-plast.pl\/wp-content\/uploads\/2021\/02\/klepisko-lexion-440-p.jpg\",\"contentUrl\":\"https:\/\/osko-plast.pl\/wp-content\/uploads\/2021\/02\/klepisko-lexion-440-p.jpg\",\"width\":1681,\"height\":889},{\"@type\":\"BreadcrumbList\",\"@id\":\"https:\/\/osko-plast.pl\/en\/produkt\/round-bar-corn-pre-concave-550-x-400\/#breadcrumb\",\"itemListElement\":[{\"@type\":\"ListItem\",\"position\":1,\"name\":\"Strona g\u0142\u00f3wna\",\"item\":\"https:\/\/osko-plast.pl\/en\/\"},{\"@type\":\"ListItem\",\"position\":2,\"name\":\"Store\",\"item\":\"http:\/\/osko-plast.pl\/en\/store\/\"},{\"@type\":\"ListItem\",\"position\":3,\"name\":\"round bar corn pre-concave 550 x 400\"}]},{\"@type\":\"WebSite\",\"@id\":\"https:\/\/osko-plast.pl\/#website\",\"url\":\"https:\/\/osko-plast.pl\/\",\"name\":\"OSKO-PLAST\",\"description\":\"Profesjonalna obr\u00f3bka metali oraz produkcja cz\u0119\u015bci rolniczych\",\"publisher\":{\"@id\":\"https:\/\/osko-plast.pl\/#organization\"},\"potentialAction\":[{\"@type\":\"SearchAction\",\"target\":{\"@type\":\"EntryPoint\",\"urlTemplate\":\"https:\/\/osko-plast.pl\/?s={search_term_string}\"},\"query-input\":{\"@type\":\"PropertyValueSpecification\",\"valueRequired\":true,\"valueName\":\"search_term_string\"}}],\"inLanguage\":\"en-US\"},{\"@type\":\"Organization\",\"@id\":\"https:\/\/osko-plast.pl\/#organization\",\"name\":\"OSKO-PLAST\",\"url\":\"https:\/\/osko-plast.pl\/\",\"logo\":{\"@type\":\"ImageObject\",\"inLanguage\":\"en-US\",\"@id\":\"https:\/\/osko-plast.pl\/#\/schema\/logo\/image\/\",\"url\":\"https:\/\/osko-plast.pl\/wp-content\/uploads\/2020\/12\/Logo-Oskoplast-1.png\",\"contentUrl\":\"https:\/\/osko-plast.pl\/wp-content\/uploads\/2020\/12\/Logo-Oskoplast-1.png\",\"width\":232,\"height\":45,\"caption\":\"OSKO-PLAST\"},\"image\":{\"@id\":\"https:\/\/osko-plast.pl\/#\/schema\/logo\/image\/\"}}]}<\/script>\n<!-- \/ Yoast SEO plugin. -->","yoast_head_json":{"title":"round bar corn pre-concave 550 x 400 - OSKO-PLAST","robots":{"index":"index","follow":"follow","max-snippet":"max-snippet:-1","max-image-preview":"max-image-preview:large","max-video-preview":"max-video-preview:-1"},"canonical":"https:\/\/osko-plast.pl\/en\/produkt\/round-bar-corn-pre-concave-550-x-400\/","og_locale":"en_US","og_type":"article","og_title":"round bar corn pre-concave 550 x 400 - OSKO-PLAST","og_description":"High-performance bar concave. Concave frame made of S355 structural steel. Rod fi16, light between the bars 16mm.  &nbsp;  Corn concave CLAAS Lexion 440","og_url":"https:\/\/osko-plast.pl\/en\/produkt\/round-bar-corn-pre-concave-550-x-400\/","og_site_name":"OSKO-PLAST","og_image":[{"width":1681,"height":889,"url":"https:\/\/osko-plast.pl\/wp-content\/uploads\/2021\/02\/klepisko-lexion-440-p.jpg","type":"image\/jpeg"}],"twitter_card":"summary_large_image","schema":{"@context":"https:\/\/schema.org","@graph":[{"@type":"WebPage","@id":"https:\/\/osko-plast.pl\/en\/produkt\/round-bar-corn-pre-concave-550-x-400\/","url":"https:\/\/osko-plast.pl\/en\/produkt\/round-bar-corn-pre-concave-550-x-400\/","name":"round bar corn pre-concave 550 x 400 - OSKO-PLAST","isPartOf":{"@id":"https:\/\/osko-plast.pl\/#website"},"primaryImageOfPage":{"@id":"https:\/\/osko-plast.pl\/en\/produkt\/round-bar-corn-pre-concave-550-x-400\/#primaryimage"},"image":{"@id":"https:\/\/osko-plast.pl\/en\/produkt\/round-bar-corn-pre-concave-550-x-400\/#primaryimage"},"thumbnailUrl":"https:\/\/osko-plast.pl\/wp-content\/uploads\/2021\/02\/klepisko-lexion-440-p.jpg","datePublished":"2021-02-04T11:03:58+00:00","breadcrumb":{"@id":"https:\/\/osko-plast.pl\/en\/produkt\/round-bar-corn-pre-concave-550-x-400\/#breadcrumb"},"inLanguage":"en-US","potentialAction":[{"@type":"ReadAction","target":["https:\/\/osko-plast.pl\/en\/produkt\/round-bar-corn-pre-concave-550-x-400\/"]}]},{"@type":"ImageObject","inLanguage":"en-US","@id":"https:\/\/osko-plast.pl\/en\/produkt\/round-bar-corn-pre-concave-550-x-400\/#primaryimage","url":"https:\/\/osko-plast.pl\/wp-content\/uploads\/2021\/02\/klepisko-lexion-440-p.jpg","contentUrl":"https:\/\/osko-plast.pl\/wp-content\/uploads\/2021\/02\/klepisko-lexion-440-p.jpg","width":1681,"height":889},{"@type":"BreadcrumbList","@id":"https:\/\/osko-plast.pl\/en\/produkt\/round-bar-corn-pre-concave-550-x-400\/#breadcrumb","itemListElement":[{"@type":"ListItem","position":1,"name":"Strona g\u0142\u00f3wna","item":"https:\/\/osko-plast.pl\/en\/"},{"@type":"ListItem","position":2,"name":"Store","item":"http:\/\/osko-plast.pl\/en\/store\/"},{"@type":"ListItem","position":3,"name":"round bar corn pre-concave 550 x 400"}]},{"@type":"WebSite","@id":"https:\/\/osko-plast.pl\/#website","url":"https:\/\/osko-plast.pl\/","name":"OSKO-PLAST","description":"Profesjonalna obr\u00f3bka metali oraz produkcja cz\u0119\u015bci rolniczych","publisher":{"@id":"https:\/\/osko-plast.pl\/#organization"},"potentialAction":[{"@type":"SearchAction","target":{"@type":"EntryPoint","urlTemplate":"https:\/\/osko-plast.pl\/?s={search_term_string}"},"query-input":{"@type":"PropertyValueSpecification","valueRequired":true,"valueName":"search_term_string"}}],"inLanguage":"en-US"},{"@type":"Organization","@id":"https:\/\/osko-plast.pl\/#organization","name":"OSKO-PLAST","url":"https:\/\/osko-plast.pl\/","logo":{"@type":"ImageObject","inLanguage":"en-US","@id":"https:\/\/osko-plast.pl\/#\/schema\/logo\/image\/","url":"https:\/\/osko-plast.pl\/wp-content\/uploads\/2020\/12\/Logo-Oskoplast-1.png","contentUrl":"https:\/\/osko-plast.pl\/wp-content\/uploads\/2020\/12\/Logo-Oskoplast-1.png","width":232,"height":45,"caption":"OSKO-PLAST"},"image":{"@id":"https:\/\/osko-plast.pl\/#\/schema\/logo\/image\/"}}]}},"_links":{"self":[{"href":"https:\/\/osko-plast.pl\/en\/wp-json\/wp\/v2\/product\/5025","targetHints":{"allow":["GET"]}}],"collection":[{"href":"https:\/\/osko-plast.pl\/en\/wp-json\/wp\/v2\/product"}],"about":[{"href":"https:\/\/osko-plast.pl\/en\/wp-json\/wp\/v2\/types\/product"}],"wp:featuredmedia":[{"embeddable":true,"href":"https:\/\/osko-plast.pl\/en\/wp-json\/wp\/v2\/media\/3610"}],"wp:attachment":[{"href":"https:\/\/osko-plast.pl\/en\/wp-json\/wp\/v2\/media?parent=5025"}],"wp:term":[{"taxonomy":"product_brand","embeddable":true,"href":"https:\/\/osko-plast.pl\/en\/wp-json\/wp\/v2\/product_brand?post=5025"},{"taxonomy":"product_cat","embeddable":true,"href":"https:\/\/osko-plast.pl\/en\/wp-json\/wp\/v2\/product_cat?post=5025"},{"taxonomy":"product_tag","embeddable":true,"href":"https:\/\/osko-plast.pl\/en\/wp-json\/wp\/v2\/product_tag?post=5025"},{"taxonomy":"marka","embeddable":true,"href":"https:\/\/osko-plast.pl\/en\/wp-json\/wp\/v2\/marka?post=5025"},{"taxonomy":"model","embeddable":true,"href":"https:\/\/osko-plast.pl\/en\/wp-json\/wp\/v2\/model?post=5025"},{"taxonomy":"lamela","embeddable":true,"href":"https:\/\/osko-plast.pl\/en\/wp-json\/wp\/v2\/lamela?post=5025"},{"taxonomy":"rodzaj_klepiska","embeddable":true,"href":"https:\/\/osko-plast.pl\/en\/wp-json\/wp\/v2\/rodzaj_klepiska?post=5025"},{"taxonomy":"typ_podsiewacza","embeddable":true,"href":"https:\/\/osko-plast.pl\/en\/wp-json\/wp\/v2\/typ_podsiewacza?post=5025"},{"taxonomy":"typ_kosza","embeddable":true,"href":"https:\/\/osko-plast.pl\/en\/wp-json\/wp\/v2\/typ_kosza?post=5025"},{"taxonomy":"rodzaj_sita","embeddable":true,"href":"https:\/\/osko-plast.pl\/en\/wp-json\/wp\/v2\/rodzaj_sita?post=5025"}],"curies":[{"name":"wp","href":"https:\/\/api.w.org\/{rel}","templated":true}]}}